{"id":86,"date":"2026-04-09T11:23:25","date_gmt":"2026-04-09T11:23:25","guid":{"rendered":"https:\/\/jeunesexplorateurs.org\/?page_id=86"},"modified":"2026-04-18T16:01:31","modified_gmt":"2026-04-18T16:01:31","slug":"les-ateliers-du-mercredi-21-avril-2026-et-du-samedi-25-avril-2026","status":"publish","type":"page","link":"https:\/\/jeunesexplorateurs.org\/","title":{"rendered":"Les Ateliers du mercredi 22 avril 2026"},"content":{"rendered":"\n<h1 class=\"wp-block-heading has-text-align-center has-background\" style=\"background-color:#c2e78e\"><strong>Afin de garantir la s\u00e9curit\u00e9 de tous, une autorisation parentale est requise pour chaque participant. Sans elle, nous ne pourrons pas accueillir votre enfant, <strong>merci de votre compr\u00e9hension !<\/strong> <\/strong><\/h1>\n\n\n\n<div class=\"wp-block-buttons is-content-justification-center is-layout-flex wp-container-core-buttons-is-layout-16018d1d wp-block-buttons-is-layout-flex\">\n<div class=\"wp-block-button\"><a class=\"wp-block-button__link has-text-align-right wp-element-button\" href=\"https:\/\/drive.google.com\/file\/d\/1f6xKv3tCMki2TrNz_Ti2xxUhW40M5DfI\/view\">1 &#8211; T\u00e9l\u00e9charger l&rsquo;autorisation parentale<\/a><\/div>\n\n\n\n<div class=\"wp-block-button\"><a class=\"wp-block-button__link wp-element-button\" href=\"https:\/\/drive.google.com\/file\/d\/1AXOfl1qZY_txRS21gjW97LoT0C3D-egr\/view?usp=sharing\">2 &#8211; Fiche d&rsquo;inscription adh\u00e9rent<\/a><\/div>\n<\/div>\n\n\n\n<h2 class=\"wp-block-heading has-background\" style=\"background-color:#bce082\">Les petites b\u00eates cach\u00e9es sous les pierres<\/h2>\n\n\n\n<div class=\"wp-block-columns is-layout-flex wp-container-core-columns-is-layout-9d6595d7 wp-block-columns-is-layout-flex\">\n<div class=\"wp-block-column is-layout-flow wp-block-column-is-layout-flow\" style=\"flex-basis:66.66%\">\n<p>Cette semaine, les Petits Explorateurs soul\u00e8vent les pierres et les planches du jardin pour d\u00e9couvrir le monde cach\u00e9 des petites b\u00eates&nbsp;! Loupe en main, votre enfant va observer fourmis, cloportes, vers de terre dans leur milieu naturel \u00e0 Saint-Cyr-sur-Morin. Il apprendra que ces petits animaux sont des champions du recyclage, indispensables \u00e0 la sant\u00e9 de nos jardins et de notre sol. Pr\u00e9voir des vieilles chaussures et un pantalon qui peut se salir&nbsp;!<\/p>\n\n\n\n<h5 class=\"wp-block-heading\">\u00c0 apporter<\/h5>\n\n\n\n<ul class=\"wp-block-list\">\n<li>Vieilles chaussures ou bottes \u2014 on va fouiller dans la terre et sous les pierres<\/li>\n\n\n\n<li>Vieux pantalon long \u2014 on s\u2019agenouille dans l\u2019herbe et la terre<\/li>\n\n\n\n<li>Vieille veste \u2014 les enfants adorent creuser et les v\u00eatements peuvent se salir<\/li>\n<\/ul>\n\n\n\n<p>\ud83d\udd58 9h00 \u2013 10h30 : <strong>Pour les 6-8 ans<\/strong><br>\ud83d\udccd Point de d\u00e9part : AUBERGE DE L\u2019\u0152UF DUR<br>\ud83c\udfc1 Point de r\u00e9cup\u00e9ration : AUBERGE DE L\u2019\u0152UF DUR<\/p>\n\n\n\n<p>\ud83d\udd58 <s>10h30 \u2013 12h : <strong>Pour les 6-8 ans<\/strong><\/s> <strong>(complet)<\/strong><br>\ud83d\udccd Point de d\u00e9part : AUBERGE DE L\u2019\u0152UF DUR<br>\ud83c\udfc1 Point de r\u00e9cup\u00e9ration : AUBERGE DE L\u2019\u0152UF DUR<\/p>\n\n\n\n<div class=\"wp-block-buttons is-content-justification-center is-layout-flex wp-container-core-buttons-is-layout-16018d1d wp-block-buttons-is-layout-flex\">\n<div class=\"wp-block-button\"><a class=\"wp-block-button__link wp-element-button\" href=\"https:\/\/docs.google.com\/forms\/d\/e\/1FAIpQLSdqeykyX0GMN-b0cDqVNWsPOG1UBy8eBBT5ffkFKJh__z4vMQ\/viewform?usp=header\">j\u2019inscris mon enfant<\/a><\/div>\n<\/div>\n<\/div>\n\n\n\n<div class=\"wp-block-column is-layout-flow wp-block-column-is-layout-flow\" style=\"flex-basis:33.33%\">\n<figure class=\"wp-block-image size-full\"><img loading=\"lazy\" decoding=\"async\" width=\"1286\" height=\"2560\" src=\"https:\/\/jeunesexplorateurs.org\/wp-content\/uploads\/2026\/04\/verticale2-scaled.jpg\" alt=\"\" class=\"wp-image-95\" srcset=\"https:\/\/jeunesexplorateurs.org\/wp-content\/uploads\/2026\/04\/verticale2-scaled.jpg 1286w, https:\/\/jeunesexplorateurs.org\/wp-content\/uploads\/2026\/04\/verticale2-151x300.jpg 151w, https:\/\/jeunesexplorateurs.org\/wp-content\/uploads\/2026\/04\/verticale2-514x1024.jpg 514w, https:\/\/jeunesexplorateurs.org\/wp-content\/uploads\/2026\/04\/verticale2-768x1529.jpg 768w, https:\/\/jeunesexplorateurs.org\/wp-content\/uploads\/2026\/04\/verticale2-771x1536.jpg 771w, https:\/\/jeunesexplorateurs.org\/wp-content\/uploads\/2026\/04\/verticale2-1029x2048.jpg 1029w\" sizes=\"auto, (max-width: 1286px) 100vw, 1286px\" \/><\/figure>\n<\/div>\n<\/div>\n\n\n\n<h2 class=\"wp-block-heading has-background\" style=\"background-color:#bce082\">Les papillons du printemps<\/h2>\n\n\n\n<div class=\"wp-block-columns is-layout-flex wp-container-core-columns-is-layout-9d6595d7 wp-block-columns-is-layout-flex\">\n<div class=\"wp-block-column is-layout-flow wp-block-column-is-layout-flow\" style=\"flex-basis:33.33%\">\n<figure class=\"wp-block-image size-full\"><img loading=\"lazy\" decoding=\"async\" width=\"1286\" height=\"2560\" src=\"https:\/\/jeunesexplorateurs.org\/wp-content\/uploads\/2026\/04\/Sans-titre-1-scaled.jpg\" alt=\"\" class=\"wp-image-93\" srcset=\"https:\/\/jeunesexplorateurs.org\/wp-content\/uploads\/2026\/04\/Sans-titre-1-scaled.jpg 1286w, https:\/\/jeunesexplorateurs.org\/wp-content\/uploads\/2026\/04\/Sans-titre-1-151x300.jpg 151w, https:\/\/jeunesexplorateurs.org\/wp-content\/uploads\/2026\/04\/Sans-titre-1-514x1024.jpg 514w, https:\/\/jeunesexplorateurs.org\/wp-content\/uploads\/2026\/04\/Sans-titre-1-768x1529.jpg 768w, https:\/\/jeunesexplorateurs.org\/wp-content\/uploads\/2026\/04\/Sans-titre-1-771x1536.jpg 771w, https:\/\/jeunesexplorateurs.org\/wp-content\/uploads\/2026\/04\/Sans-titre-1-1029x2048.jpg 1029w\" sizes=\"auto, (max-width: 1286px) 100vw, 1286px\" \/><\/figure>\n<\/div>\n\n\n\n<div class=\"wp-block-column is-layout-flow wp-block-column-is-layout-flow\" style=\"flex-basis:66.66%\">\n<p>Lors de cette sortie de terrain, chaque participant observe et photographie les papillons rencontr\u00e9s dans les prairies et haies autour de Saint-Cyr-sur-Morin. \u00c0 l\u2019aide de fiches illustr\u00e9es et de l\u2019application iNaturalist, nous apprenons \u00e0 distinguer les esp\u00e8ces, \u00e0 noter leurs comportements et \u00e0 comprendre pourquoi ils sont indispensables \u00e0 notre \u00e9cosyst\u00e8me local.<\/p>\n\n\n\n<h5 class=\"wp-block-heading\">Consigne<\/h5>\n\n\n\n<ul class=\"wp-block-list\">\n<li>Signaler toute allergie aux piq\u00fbres d\u2019insectes avant la sortie<\/li>\n\n\n\n<li>Pr\u00e9voir des v\u00eatements qui peuvent se salir<\/li>\n\n\n\n<li>Apporter une gourde.<\/li>\n<\/ul>\n\n\n\n<p>\ud83d\udd51 13h \u2013 15h : <strong>Pour les 9-12 ans<\/strong><br>\ud83d\udccd Point de d\u00e9part : AUBERGE DE L\u2019\u0152UF DUR<br>\ud83c\udfc1 Point de r\u00e9cup\u00e9ration : AUBERGE DE L\u2019\u0152UF DUR<\/p>\n\n\n\n<hr class=\"wp-block-separator has-alpha-channel-opacity\"\/>\n\n\n\n<p>\ud83d\udd51 15h \u2013 18h : <strong>Pour les 13-18 ans<\/strong><br>\ud83d\udccd Point de d\u00e9part : AUBERGE DE L\u2019\u0152UF DUR<br>\ud83c\udfc1 Point de r\u00e9cup\u00e9ration : AUBERGE DE L\u2019\u0152UF DUR<\/p>\n\n\n\n<hr class=\"wp-block-separator has-alpha-channel-opacity\"\/>\n\n\n\n<div class=\"wp-block-buttons is-content-justification-center is-layout-flex wp-container-core-buttons-is-layout-16018d1d wp-block-buttons-is-layout-flex\">\n<div class=\"wp-block-button\"><a class=\"wp-block-button__link wp-element-button\" href=\"https:\/\/docs.google.com\/forms\/d\/e\/1FAIpQLSdqeykyX0GMN-b0cDqVNWsPOG1UBy8eBBT5ffkFKJh__z4vMQ\/viewform?usp=header\">j\u2019inscris mon enfant<\/a><\/div>\n<\/div>\n<\/div>\n<\/div>\n\n\n\n<p><\/p>\n\n\n\n<p><\/p>\n","protected":false},"excerpt":{"rendered":"<p>Afin de garantir la s\u00e9curit\u00e9 de tous, une autorisation parentale est requise pour chaque participant. Sans elle, nous ne pourrons pas accueillir votre enfant, merci de votre compr\u00e9hension ! Les petites b\u00eates cach\u00e9es sous les pierres Cette semaine, les Petits Explorateurs soul\u00e8vent les pierres et les planches du jardin pour d\u00e9couvrir le monde cach\u00e9 des&#8230;<\/p>\n","protected":false},"author":1,"featured_media":0,"parent":0,"menu_order":0,"comment_status":"closed","ping_status":"closed","template":"","meta":{"_kadence_starter_templates_imported_post":false,"_kad_post_transparent":"","_kad_post_title":"","_kad_post_layout":"","_kad_post_sidebar_id":"","_kad_post_content_style":"","_kad_post_vertical_padding":"","_kad_post_feature":"","_kad_post_feature_position":"","_kad_post_header":false,"_kad_post_footer":false,"_kad_post_classname":"","footnotes":""},"class_list":["post-86","page","type-page","status-publish","hentry"],"_links":{"self":[{"href":"https:\/\/jeunesexplorateurs.org\/index.php\/wp-json\/wp\/v2\/pages\/86","targetHints":{"allow":["GET"]}}],"collection":[{"href":"https:\/\/jeunesexplorateurs.org\/index.php\/wp-json\/wp\/v2\/pages"}],"about":[{"href":"https:\/\/jeunesexplorateurs.org\/index.php\/wp-json\/wp\/v2\/types\/page"}],"author":[{"embeddable":true,"href":"https:\/\/jeunesexplorateurs.org\/index.php\/wp-json\/wp\/v2\/users\/1"}],"replies":[{"embeddable":true,"href":"https:\/\/jeunesexplorateurs.org\/index.php\/wp-json\/wp\/v2\/comments?post=86"}],"version-history":[{"count":21,"href":"https:\/\/jeunesexplorateurs.org\/index.php\/wp-json\/wp\/v2\/pages\/86\/revisions"}],"predecessor-version":[{"id":234,"href":"https:\/\/jeunesexplorateurs.org\/index.php\/wp-json\/wp\/v2\/pages\/86\/revisions\/234"}],"wp:attachment":[{"href":"https:\/\/jeunesexplorateurs.org\/index.php\/wp-json\/wp\/v2\/media?parent=86"}],"curies":[{"name":"wp","href":"https:\/\/api.w.org\/{rel}","templated":true}]}}